{"id":858,"date":"2019-01-22T08:47:39","date_gmt":"2019-01-22T08:47:39","guid":{"rendered":"https:\/\/babypod.net\/?page_id=858"},"modified":"2019-08-07T17:59:33","modified_gmt":"2019-08-07T15:59:33","slug":"avviso-legale","status":"publish","type":"page","link":"https:\/\/babypod.net\/it\/avviso-legale\/","title":{"rendered":"Avviso Legale"},"content":{"rendered":"<p>[fusion_builder_container hundred_percent=&#8221;no&#8221; hundred_percent_height=&#8221;no&#8221; hundred_percent_height_scroll=&#8221;no&#8221; hundred_percent_height_center_content=&#8221;yes&#8221; equal_height_columns=&#8221;no&#8221; menu_anchor=&#8221;&#8221; hide_on_mobile=&#8221;small-visibility,medium-visibility,large-visibility&#8221; class=&#8221;&#8221; id=&#8221;&#8221; background_color=&#8221;&#8221; background_image=&#8221;&#8221; background_position=&#8221;center center&#8221; background_repeat=&#8221;no-repeat&#8221; fade=&#8221;no&#8221; background_parallax=&#8221;none&#8221; enable_mobile=&#8221;no&#8221; parallax_speed=&#8221;0.3&#8243; video_mp4=&#8221;&#8221; video_webm=&#8221;&#8221; video_ogv=&#8221;&#8221; video_url=&#8221;&#8221; video_aspect_ratio=&#8221;16:9&#8243; video_loop=&#8221;yes&#8221; video_mute=&#8221;yes&#8221; video_preview_image=&#8221;&#8221; border_size=&#8221;&#8221; border_color=&#8221;&#8221; border_style=&#8221;solid&#8221; margin_top=&#8221;&#8221; margin_bottom=&#8221;&#8221; padding_top=&#8221;&#8221; padding_right=&#8221;&#8221; padding_bottom=&#8221;&#8221; padding_left=&#8221;&#8221;][fusion_builder_row][fusion_builder_column type=&#8221;1_1&#8243; layout=&#8221;1_1&#8243; spacing=&#8221;&#8221; center_content=&#8221;no&#8221; link=&#8221;&#8221; target=&#8221;_self&#8221; min_height=&#8221;&#8221; hide_on_mobile=&#8221;small-visibility,medium-visibility,large-visibility&#8221; class=&#8221;&#8221; id=&#8221;&#8221; background_color=&#8221;&#8221; background_image=&#8221;&#8221; background_position=&#8221;left top&#8221; background_repeat=&#8221;no-repeat&#8221; hover_type=&#8221;none&#8221; border_size=&#8221;0&#8243; border_color=&#8221;&#8221; border_style=&#8221;solid&#8221; border_position=&#8221;all&#8221; padding_top=&#8221;&#8221; padding_right=&#8221;&#8221; padding_bottom=&#8221;&#8221; padding_left=&#8221;&#8221; dimension_margin=&#8221;&#8221; animation_type=&#8221;&#8221; animation_direction=&#8221;left&#8221; animation_speed=&#8221;0.3&#8243; animation_offset=&#8221;&#8221; last=&#8221;no&#8221;][fusion_title margin_top=&#8221;&#8221; margin_bottom=&#8221;&#8221; hide_on_mobile=&#8221;small-visibility,medium-visibility,large-visibility&#8221; class=&#8221;&#8221; id=&#8221;&#8221; size=&#8221;1&#8243; content_align=&#8221;center&#8221; style_type=&#8221;default&#8221; sep_color=&#8221;&#8221;]<\/p>\n<p>Avviso legale<\/p>\n<p>[\/fusion_title][\/fusion_builder_column][\/fusion_builder_row][\/fusion_builder_container][fusion_builder_container hundred_percent=&#8221;no&#8221; hundred_percent_height=&#8221;no&#8221; hundred_percent_height_scroll=&#8221;no&#8221; hundred_percent_height_center_content=&#8221;yes&#8221; equal_height_columns=&#8221;no&#8221; menu_anchor=&#8221;&#8221; hide_on_mobile=&#8221;small-visibility,medium-visibility,large-visibility&#8221; class=&#8221;&#8221; id=&#8221;&#8221; background_color=&#8221;&#8221; background_image=&#8221;&#8221; background_position=&#8221;center center&#8221; background_repeat=&#8221;no-repeat&#8221; fade=&#8221;no&#8221; background_parallax=&#8221;none&#8221; enable_mobile=&#8221;no&#8221; parallax_speed=&#8221;0.3&#8243; video_mp4=&#8221;&#8221; video_webm=&#8221;&#8221; video_ogv=&#8221;&#8221; video_url=&#8221;&#8221; video_aspect_ratio=&#8221;16:9&#8243; video_loop=&#8221;yes&#8221; video_mute=&#8221;yes&#8221; video_preview_image=&#8221;&#8221; border_size=&#8221;&#8221; border_color=&#8221;&#8221; border_style=&#8221;solid&#8221;][fusion_builder_row][fusion_builder_column type=&#8221;1_1&#8243; layout=&#8221;1_1&#8243; spacing=&#8221;&#8221; center_content=&#8221;no&#8221; link=&#8221;&#8221; target=&#8221;_self&#8221; min_height=&#8221;&#8221; hide_on_mobile=&#8221;small-visibility,medium-visibility,large-visibility&#8221; class=&#8221;&#8221; id=&#8221;&#8221; background_color=&#8221;&#8221; background_image=&#8221;&#8221; background_position=&#8221;left top&#8221; background_repeat=&#8221;no-repeat&#8221; hover_type=&#8221;none&#8221; border_size=&#8221;0&#8243; border_color=&#8221;&#8221; border_style=&#8221;solid&#8221; border_position=&#8221;all&#8221; padding_top=&#8221;&#8221; padding_right=&#8221;&#8221; padding_bottom=&#8221;&#8221; padding_left=&#8221;&#8221; dimension_margin=&#8221;&#8221; animation_type=&#8221;&#8221; animation_direction=&#8221;left&#8221; animation_speed=&#8221;0.3&#8243; animation_offset=&#8221;&#8221; last=&#8221;no&#8221;][fusion_text columns=&#8221;&#8221; column_min_width=&#8221;&#8221; column_spacing=&#8221;&#8221; rule_style=&#8221;default&#8221; rule_size=&#8221;&#8221; rule_color=&#8221;&#8221; class=&#8221;&#8221; id=&#8221;&#8221;]<\/p>\n<p>Condizioni generali per l&#8217;uso del sito <a href=\"https:\/\/babypod.net\"><strong>www.babypod.net<\/strong><\/a><\/p>\n<h2>1. Introduzione<\/h2>\n<p style=\"text-align: justify;\">Lo scopo di questo documento \u00e8 quello di stabilire le norme per disciplinare l&#8217;uso, nonch\u00e9 salvaguardare i dati del Sito <a href=\"https:\/\/babypod.net\">www.babypod.net<\/a> (di seguito il \u201cSito\u201d), intendendosi per Sito tutte le pagine ed i rispettivi contenuti propriet\u00e0 dell Music in Baby S.L. (di seguito \u201cMiB\u201d), accessibili dal dominio <a href=\"https:\/\/babypod.net\/\">www.babypod.net<\/a>\u00a0e dai rispettivi sottodomini.<\/p>\n<p style=\"text-align: justify;\">L&#8217;uso del Sito Web e dei micrositi associati implica l&#8217;accettazione di tutti i Termini e Condizioni riportati di seguito:<\/p>\n<p style=\"text-align: justify;\">Ai sensi della legge spagnola in materia di Servizi della Societ\u00e0 dell\u2019Informazione, si informa che il titolare del Sito \u00e8 il MiB, con sede sociale a Barcellona, C\/ de la Mare de D\u00e9u de la Salut 78, 1\u00ba e indirizzo di posta elettronica <a href=\"mailto:info@musicinbaby.com\">info@musicinbaby.com<\/a>, munito di P\/IVA spagnola B-66240243.<\/p>\n<p style=\"text-align: justify;\">Consideriamo che in questo sito Web sono compresi tutti i micrositi associati accessibili dal presente Sito, tranne quei micrositi in cui sono espressamente riportate condizioni d&#8217;uso specifiche, le quali saranno applicabili in tale caso.<\/p>\n<p style=\"text-align: justify;\">Il presente Avviso Legale disciplina l&#8217;accesso e i termini di utilizzo del servizio del Sito messo a disposizione dell&#8217;utenza di Internet dall MiB, fatta salva l&#8217;eventualit\u00e0 che l&#8217;accesso ad alcuni servizi possa essere subordinato all&#8217;accettazione di ulteriori condizioni specifiche.<\/p>\n<p style=\"text-align: justify;\">L&#8217;utilizzo del Sito conferisce la condizione di Utente (di seguito \u201cUtente\u201d), il quale si impegna a utilizzare i servizi a norma di legge, secondo la morale, le buone usanze e l&#8217;ordine pubblico, nonch\u00e9 nel rispetto delle disposizioni riportate del presente Avviso Legale. L&#8217;accesso a questo Sito e ai micrositi associati \u00e8 responsabilit\u00e0 esclusiva dell&#8217;Utente. I rischi derivati dall\u2019uso del Sito e dei rispettivi micrositi da parte dell&#8217;Utente saranno assunti unicamente ed esclusivamente da lui. Non sono soggetti a garanzia da parte dell MiB, tra altri: l&#8217;infallibilit\u00e0, la disponibilit\u00e0, la continuit\u00e0, l&#8217;inesistenza di difetti e la sicurezza del Sito e dei micrositi associati, non potendosi altres\u00ec garantire che i loro contenuti o le informazioni in essi comprese siano privi di virus o di altri elementi dannosi, ecc.<\/p>\n<p style=\"text-align: justify;\">IL MiB declina ogni responsabilit\u00e0 per eventuali danni diretti, incidentali, consequenziali, indiretti o punitivi derivanti dall&#8217;accesso, uso o incapacit\u00e0 da parte dell&#8217;utente di utilizzare questo Sito, n\u00e9 per eventuali errori od omissioni nel contenuto dello stesso.<\/p>\n<p style=\"text-align: justify;\">Data la dimensione internazionale dell MiB, le condizioni legali specifiche di accesso ai contenuti potrebbero essere diverse a seconda del paese da cui si accede.<\/p>\n<h2>2. Propriet\u00e0 intellettuale<\/h2>\n<p style=\"text-align: justify;\">I contenuti e gli elementi grafici che fanno parte del Sito (immagini, suoni, testi, file, codice sorgente, loghi, marchi, design o di qualsiasi altra tipologia, compresi i micrositi creati dall MiB), se non diversamente indicato, sono di propriet\u00e0 esclusiva dell MiB o di terze persone fisiche o giuridiche autorizzate al loro utilizzo, essendo soggetti alla protezione prevista dalla normativa spagnola sulla propriet\u00e0 intellettuale e industriale.<\/p>\n<p style=\"text-align: justify;\">Sono riservati tutti i diritti di propriet\u00e0 industriale e intellettuale. L&#8217;accesso ai contenuti del Sito non implica la concessione di licenza per l&#8217;uso di tali diritti, quindi se non espressamente autorizzato per iscritto da parte dei titolari, \u00e8 vietata la riproduzione, modifica, distribuzione o comunicazione pubblica ai sensi della legge spagnola in vigore.<\/p>\n<p style=\"text-align: justify;\">Se l&#8217;Utente dovesse osservare o credere che uno dei contenuti utilizzati dall MiB viola i diritti d\u2019autore, \u00e8 pregato di contattare immediatamente l&#8217;Area di Processo, Qualit\u00e0 e Tutela Dati (LOPD) tramite l&#8217;email: <a href=\"mailto:info@musicinbaby.com\">info@musicinbaby.com<\/a>.<\/p>\n<h2>3. Responsabilit\u00e0<\/h2>\n<p style=\"text-align: justify;\">Questo Sito Web ed i micrositi associati potrebbero contenere informazioni generali inerenti a malattie o situazioni mediche e al loro trattamento. Tali informazioni sono fornite esclusivamente a scopi informativi e didattici, non costituendo quindi una diagnosi n\u00e9 destinate a sostituire il consiglio o visita medica di altri professionisti sanitari qualificati.<\/p>\n<p style=\"text-align: justify;\">Il MiB si riserva la facolt\u00e0 di eseguire, di volta in volta e senza preavviso, modifiche ed aggiornamenti delle informazioni contenute sul Sitio Web e sui micrositi associati, delle loro impostazioni, disponibilit\u00e0 e presentazione, nonch\u00e9 delle presenti condizioni d&#8217;uso.<\/p>\n<h2>4. Sicurezza<\/h2>\n<p style=\"text-align: justify;\">Il Sito ed i micrositi associati utilizzano le tecniche per la sicurezza delle informazioni generalmente accettate nel settore, quali firewall, procedure di controllo dell\u2019accesso e meccanismi crittografici, allo scopo di impedire l&#8217;accesso non autorizzato ai dati. A tali fini, l\u2019utente accetta che l&#8217;operatore possa ottenere dati che permettono l&#8217;autenticazione dei controlli d&#8217;accesso.<\/p>\n<p style=\"text-align: justify;\">Qualsiasi processo che possa comportare l&#8217;inserimento di dati personali di natura privata (salute, ecc.) saranno sempre trasmessi tramite protocollo di comunicazione sicuro (https:\/\/&#8230;), in modo da non permettere a nessun terzo accedere alle informazioni trasmesse elettronicamente.<\/p>\n<p style=\"text-align: justify;\"><a href=\"https:\/\/letsencrypt.org\/\">Let&#8217;s Encrypt\u00ae<\/a> certifica che i dati qui contenuti sono stati crittografati o criptati per garantire la sicurezza e la privacy dell&#8217;Utente.<\/p>\n<h2>7. Legge disciplinante e giurisdizione competente<\/h2>\n<p style=\"text-align: justify;\">Le presenti condizioni sono disciplinate dalla legislazione spagnola, la quale \u00e8 applicabile su quanto non previsto in questo Avviso Legale in materia di interpretazione, validit\u00e0 ed esecuzione.<\/p>\n<p style=\"text-align: justify;\">Il MiB e l&#8217;utente, rinunciando espressamente a qualsiasi altra giurisdizione, sono soggette alla giurisdizione dei Tribunali della citt\u00e0 di Barcellona per ogni controversia o questione riguardante questo sito Web o le attivit\u00e0 sviluppate su di esso.<\/p>\n<p>[\/fusion_text][\/fusion_builder_column][\/fusion_builder_row][\/fusion_builder_container]<\/p>\n","protected":false},"excerpt":{"rendered":"<p>[fusion_builder_container hundred_percent=&#8221;no&#8221; hundred_percent_height=&#8221;no&#8221; hundred_percent_height_scroll=&#8221;no&#8221; hundred_percent_height_center_content=&#8221;yes&#8221; equal_height_columns=&#8221;no&#8221; menu_anchor=&#8221;&#8221; hide_on_mobile=&#8221;small-visibility,medium-visibility,large-visibility&#8221; class=&#8221;&#8221; id=&#8221;&#8221; background_color=&#8221;&#8221; background_image=&#8221;&#8221; background_position=&#8221;center center&#8221; background_repeat=&#8221;no-repeat&#8221; fade=&#8221;no&#8221; background_parallax=&#8221;none&#8221; enable_mobile=&#8221;no&#8221; parallax_speed=&#8221;0.3&#8243; video_mp4=&#8221;&#8221; video_webm=&#8221;&#8221; video_ogv=&#8221;&#8221; video_url=&#8221;&#8221; video_aspect_ratio=&#8221;16:9&#8243; video_loop=&#8221;yes&#8221; video_mute=&#8221;yes&#8221; video_preview_image=&#8221;&#8221; border_size=&#8221;&#8221; border_color=&#8221;&#8221; border_style=&#8221;solid&#8221; margin_top=&#8221;&#8221; margin_bottom=&#8221;&#8221; padding_top=&#8221;&#8221; padding_right=&#8221;&#8221; padding_bottom=&#8221;&#8221; padding_left=&#8221;&#8221;][fusion_builder_row][fusion_builder_column type=&#8221;1_1&#8243; layout=&#8221;1_1&#8243; spacing=&#8221;&#8221; center_content=&#8221;no&#8221; link=&#8221;&#8221; target=&#8221;_self&#8221; min_height=&#8221;&#8221; hide_on_mobile=&#8221;small-visibility,medium-visibility,large-visibility&#8221; class=&#8221;&#8221; id=&#8221;&#8221; background_color=&#8221;&#8221; background_image=&#8221;&#8221; background_position=&#8221;left top&#8221; background_repeat=&#8221;no-repeat&#8221; hover_type=&#8221;none&#8221; border_size=&#8221;0&#8243; border_color=&#8221;&#8221; border_style=&#8221;solid&#8221; [&hellip;]<\/p>\n","protected":false},"author":1,"featured_media":0,"parent":0,"menu_order":0,"comment_status":"closed","ping_status":"closed","template":"","meta":{"content-type":""},"yoast_head":"<!-- This site is optimized with the Yoast SEO plugin v20.7 - https:\/\/yoast.com\/wordpress\/plugins\/seo\/ -->\n<title>Avviso Legale - BABYPOD<\/title>\n<meta name=\"robots\" content=\"index, follow, max-snippet:-1, max-image-preview:large, max-video-preview:-1\" \/>\n<link rel=\"canonical\" href=\"https:\/\/babypod.net\/it\/avviso-legale\/\" \/>\n<meta property=\"og:locale\" content=\"it_IT\" \/>\n<meta property=\"og:type\" content=\"article\" \/>\n<meta property=\"og:title\" content=\"Avviso Legale - BABYPOD\" \/>\n<meta property=\"og:description\" content=\"[fusion_builder_container hundred_percent=&#8221;no&#8221; hundred_percent_height=&#8221;no&#8221; hundred_percent_height_scroll=&#8221;no&#8221; hundred_percent_height_center_content=&#8221;yes&#8221; equal_height_columns=&#8221;no&#8221; menu_anchor=&#8221;&#8221; hide_on_mobile=&#8221;small-visibility,medium-visibility,large-visibility&#8221; class=&#8221;&#8221; id=&#8221;&#8221; background_color=&#8221;&#8221; background_image=&#8221;&#8221; background_position=&#8221;center center&#8221; background_repeat=&#8221;no-repeat&#8221; fade=&#8221;no&#8221; background_parallax=&#8221;none&#8221; enable_mobile=&#8221;no&#8221; parallax_speed=&#8221;0.3&#8243; video_mp4=&#8221;&#8221; video_webm=&#8221;&#8221; video_ogv=&#8221;&#8221; video_url=&#8221;&#8221; video_aspect_ratio=&#8221;16:9&#8243; video_loop=&#8221;yes&#8221; video_mute=&#8221;yes&#8221; video_preview_image=&#8221;&#8221; border_size=&#8221;&#8221; border_color=&#8221;&#8221; border_style=&#8221;solid&#8221; margin_top=&#8221;&#8221; margin_bottom=&#8221;&#8221; padding_top=&#8221;&#8221; padding_right=&#8221;&#8221; padding_bottom=&#8221;&#8221; padding_left=&#8221;&#8221;][fusion_builder_row][fusion_builder_column type=&#8221;1_1&#8243; layout=&#8221;1_1&#8243; spacing=&#8221;&#8221; center_content=&#8221;no&#8221; link=&#8221;&#8221; target=&#8221;_self&#8221; min_height=&#8221;&#8221; hide_on_mobile=&#8221;small-visibility,medium-visibility,large-visibility&#8221; class=&#8221;&#8221; id=&#8221;&#8221; background_color=&#8221;&#8221; background_image=&#8221;&#8221; background_position=&#8221;left top&#8221; background_repeat=&#8221;no-repeat&#8221; hover_type=&#8221;none&#8221; border_size=&#8221;0&#8243; border_color=&#8221;&#8221; border_style=&#8221;solid&#8221; [&hellip;]\" \/>\n<meta property=\"og:url\" content=\"https:\/\/babypod.net\/it\/avviso-legale\/\" \/>\n<meta property=\"og:site_name\" content=\"BABYPOD\" \/>\n<meta property=\"article:modified_time\" content=\"2019-08-07T15:59:33+00:00\" \/>\n<meta name=\"twitter:card\" content=\"summary_large_image\" \/>\n<meta name=\"twitter:label1\" content=\"Tempo di lettura stimato\" \/>\n\t<meta name=\"twitter:data1\" content=\"6 minuti\" \/>\n<script type=\"application\/ld+json\" class=\"yoast-schema-graph\">{\"@context\":\"https:\/\/schema.org\",\"@graph\":[{\"@type\":\"WebPage\",\"@id\":\"https:\/\/babypod.net\/it\/avviso-legale\/\",\"url\":\"https:\/\/babypod.net\/it\/avviso-legale\/\",\"name\":\"Avviso Legale - BABYPOD\",\"isPartOf\":{\"@id\":\"https:\/\/babypod.net\/fr\/#website\"},\"datePublished\":\"2019-01-22T08:47:39+00:00\",\"dateModified\":\"2019-08-07T15:59:33+00:00\",\"breadcrumb\":{\"@id\":\"https:\/\/babypod.net\/it\/avviso-legale\/#breadcrumb\"},\"inLanguage\":\"it-IT\",\"potentialAction\":[{\"@type\":\"ReadAction\",\"target\":[\"https:\/\/babypod.net\/it\/avviso-legale\/\"]}]},{\"@type\":\"BreadcrumbList\",\"@id\":\"https:\/\/babypod.net\/it\/avviso-legale\/#breadcrumb\",\"itemListElement\":[{\"@type\":\"ListItem\",\"position\":1,\"name\":\"Portada\",\"item\":\"https:\/\/babypod.net\/it\/inizzio\/\"},{\"@type\":\"ListItem\",\"position\":2,\"name\":\"Avviso Legale\"}]},{\"@type\":\"WebSite\",\"@id\":\"https:\/\/babypod.net\/fr\/#website\",\"url\":\"https:\/\/babypod.net\/fr\/\",\"name\":\"BABYPOD\",\"description\":\"Music is life\",\"potentialAction\":[{\"@type\":\"SearchAction\",\"target\":{\"@type\":\"EntryPoint\",\"urlTemplate\":\"https:\/\/babypod.net\/fr\/?s={search_term_string}\"},\"query-input\":\"required name=search_term_string\"}],\"inLanguage\":\"it-IT\"}]}<\/script>\n<!-- \/ Yoast SEO plugin. -->","yoast_head_json":{"title":"Avviso Legale - BABYPOD","robots":{"index":"index","follow":"follow","max-snippet":"max-snippet:-1","max-image-preview":"max-image-preview:large","max-video-preview":"max-video-preview:-1"},"canonical":"https:\/\/babypod.net\/it\/avviso-legale\/","og_locale":"it_IT","og_type":"article","og_title":"Avviso Legale - BABYPOD","og_description":"[fusion_builder_container hundred_percent=&#8221;no&#8221; hundred_percent_height=&#8221;no&#8221; hundred_percent_height_scroll=&#8221;no&#8221; hundred_percent_height_center_content=&#8221;yes&#8221; equal_height_columns=&#8221;no&#8221; menu_anchor=&#8221;&#8221; hide_on_mobile=&#8221;small-visibility,medium-visibility,large-visibility&#8221; class=&#8221;&#8221; id=&#8221;&#8221; background_color=&#8221;&#8221; background_image=&#8221;&#8221; background_position=&#8221;center center&#8221; background_repeat=&#8221;no-repeat&#8221; fade=&#8221;no&#8221; background_parallax=&#8221;none&#8221; enable_mobile=&#8221;no&#8221; parallax_speed=&#8221;0.3&#8243; video_mp4=&#8221;&#8221; video_webm=&#8221;&#8221; video_ogv=&#8221;&#8221; video_url=&#8221;&#8221; video_aspect_ratio=&#8221;16:9&#8243; video_loop=&#8221;yes&#8221; video_mute=&#8221;yes&#8221; video_preview_image=&#8221;&#8221; border_size=&#8221;&#8221; border_color=&#8221;&#8221; border_style=&#8221;solid&#8221; margin_top=&#8221;&#8221; margin_bottom=&#8221;&#8221; padding_top=&#8221;&#8221; padding_right=&#8221;&#8221; padding_bottom=&#8221;&#8221; padding_left=&#8221;&#8221;][fusion_builder_row][fusion_builder_column type=&#8221;1_1&#8243; layout=&#8221;1_1&#8243; spacing=&#8221;&#8221; center_content=&#8221;no&#8221; link=&#8221;&#8221; target=&#8221;_self&#8221; min_height=&#8221;&#8221; hide_on_mobile=&#8221;small-visibility,medium-visibility,large-visibility&#8221; class=&#8221;&#8221; id=&#8221;&#8221; background_color=&#8221;&#8221; background_image=&#8221;&#8221; background_position=&#8221;left top&#8221; background_repeat=&#8221;no-repeat&#8221; hover_type=&#8221;none&#8221; border_size=&#8221;0&#8243; border_color=&#8221;&#8221; border_style=&#8221;solid&#8221; [&hellip;]","og_url":"https:\/\/babypod.net\/it\/avviso-legale\/","og_site_name":"BABYPOD","article_modified_time":"2019-08-07T15:59:33+00:00","twitter_card":"summary_large_image","twitter_misc":{"Tempo di lettura stimato":"6 minuti"},"schema":{"@context":"https:\/\/schema.org","@graph":[{"@type":"WebPage","@id":"https:\/\/babypod.net\/it\/avviso-legale\/","url":"https:\/\/babypod.net\/it\/avviso-legale\/","name":"Avviso Legale - BABYPOD","isPartOf":{"@id":"https:\/\/babypod.net\/fr\/#website"},"datePublished":"2019-01-22T08:47:39+00:00","dateModified":"2019-08-07T15:59:33+00:00","breadcrumb":{"@id":"https:\/\/babypod.net\/it\/avviso-legale\/#breadcrumb"},"inLanguage":"it-IT","potentialAction":[{"@type":"ReadAction","target":["https:\/\/babypod.net\/it\/avviso-legale\/"]}]},{"@type":"BreadcrumbList","@id":"https:\/\/babypod.net\/it\/avviso-legale\/#breadcrumb","itemListElement":[{"@type":"ListItem","position":1,"name":"Portada","item":"https:\/\/babypod.net\/it\/inizzio\/"},{"@type":"ListItem","position":2,"name":"Avviso Legale"}]},{"@type":"WebSite","@id":"https:\/\/babypod.net\/fr\/#website","url":"https:\/\/babypod.net\/fr\/","name":"BABYPOD","description":"Music is life","potentialAction":[{"@type":"SearchAction","target":{"@type":"EntryPoint","urlTemplate":"https:\/\/babypod.net\/fr\/?s={search_term_string}"},"query-input":"required name=search_term_string"}],"inLanguage":"it-IT"}]}},"_links":{"self":[{"href":"https:\/\/babypod.net\/it\/wp-json\/wp\/v2\/pages\/858"}],"collection":[{"href":"https:\/\/babypod.net\/it\/wp-json\/wp\/v2\/pages"}],"about":[{"href":"https:\/\/babypod.net\/it\/wp-json\/wp\/v2\/types\/page"}],"author":[{"embeddable":true,"href":"https:\/\/babypod.net\/it\/wp-json\/wp\/v2\/users\/1"}],"replies":[{"embeddable":true,"href":"https:\/\/babypod.net\/it\/wp-json\/wp\/v2\/comments?post=858"}],"version-history":[{"count":2,"href":"https:\/\/babypod.net\/it\/wp-json\/wp\/v2\/pages\/858\/revisions"}],"predecessor-version":[{"id":4452,"href":"https:\/\/babypod.net\/it\/wp-json\/wp\/v2\/pages\/858\/revisions\/4452"}],"wp:attachment":[{"href":"https:\/\/babypod.net\/it\/wp-json\/wp\/v2\/media?parent=858"}],"curies":[{"name":"wp","href":"https:\/\/api.w.org\/{rel}","templated":true}]}}