{"id":847,"date":"2018-10-23T15:39:00","date_gmt":"2018-10-23T15:39:00","guid":{"rendered":"https:\/\/babypod.net\/?page_id=847"},"modified":"2022-07-25T15:39:15","modified_gmt":"2022-07-25T13:39:15","slug":"come-utilzzare-babypod","status":"publish","type":"page","link":"https:\/\/babypod.net\/it\/che-cose-babypod\/come-utilzzare-babypod\/","title":{"rendered":"Come utilzzare Babypod"},"content":{"rendered":"<p>[fusion_builder_container hundred_percent=&#8221;no&#8221; hundred_percent_height=&#8221;no&#8221; hundred_percent_height_scroll=&#8221;no&#8221; hundred_percent_height_center_content=&#8221;yes&#8221; equal_height_columns=&#8221;no&#8221; menu_anchor=&#8221;&#8221; hide_on_mobile=&#8221;small-visibility,medium-visibility,large-visibility&#8221; class=&#8221;&#8221; id=&#8221;&#8221; background_color=&#8221;&#8221; background_image=&#8221;&#8221; background_position=&#8221;center center&#8221; background_repeat=&#8221;no-repeat&#8221; fade=&#8221;no&#8221; background_parallax=&#8221;none&#8221; enable_mobile=&#8221;no&#8221; parallax_speed=&#8221;0.3&#8243; video_mp4=&#8221;&#8221; video_webm=&#8221;&#8221; video_ogv=&#8221;&#8221; video_url=&#8221;&#8221; video_aspect_ratio=&#8221;16:9&#8243; video_loop=&#8221;yes&#8221; video_mute=&#8221;yes&#8221; video_preview_image=&#8221;&#8221; border_size=&#8221;&#8221; border_color=&#8221;&#8221; border_style=&#8221;solid&#8221; margin_top=&#8221;&#8221; margin_bottom=&#8221;&#8221; padding_top=&#8221;&#8221; padding_right=&#8221;&#8221; padding_bottom=&#8221;&#8221; padding_left=&#8221;&#8221;][fusion_builder_row][fusion_builder_column type=&#8221;1_1&#8243; layout=&#8221;1_1&#8243; spacing=&#8221;&#8221; center_content=&#8221;no&#8221; link=&#8221;&#8221; target=&#8221;_self&#8221; min_height=&#8221;&#8221; hide_on_mobile=&#8221;small-visibility,medium-visibility,large-visibility&#8221; class=&#8221;&#8221; id=&#8221;&#8221; background_color=&#8221;&#8221; background_image=&#8221;&#8221; background_position=&#8221;left top&#8221; background_repeat=&#8221;no-repeat&#8221; hover_type=&#8221;none&#8221; border_size=&#8221;0&#8243; border_color=&#8221;&#8221; border_style=&#8221;solid&#8221; border_position=&#8221;all&#8221; padding_top=&#8221;&#8221; padding_right=&#8221;&#8221; padding_bottom=&#8221;&#8221; padding_left=&#8221;&#8221; dimension_margin=&#8221;&#8221; animation_type=&#8221;&#8221; animation_direction=&#8221;left&#8221; animation_speed=&#8221;0.3&#8243; animation_offset=&#8221;&#8221; last=&#8221;no&#8221;][fusion_title margin_top=&#8221;&#8221; margin_bottom=&#8221;&#8221; hide_on_mobile=&#8221;small-visibility,medium-visibility,large-visibility&#8221; class=&#8221;&#8221; id=&#8221;&#8221; size=&#8221;1&#8243; content_align=&#8221;center&#8221; style_type=&#8221;default&#8221; sep_color=&#8221;&#8221;]<\/p>\n<p style=\"text-align: center;\">\u00bfC\u00f3mo se usa Babypod?<\/p>\n<p>[\/fusion_title][fusion_text columns=&#8221;&#8221; column_min_width=&#8221;&#8221; column_spacing=&#8221;&#8221; rule_style=&#8221;default&#8221; rule_size=&#8221;&#8221; rule_color=&#8221;&#8221; class=&#8221;&#8221; id=&#8221;&#8221;]<\/p>\n<p>Es muy sencillo. Para empezar ponte en una postura c\u00f3moda.<\/p>\n<p>1. Introduce con suavidad la parte libre de tu Babypod hasta colocarlo en el interior de la vagina.<br \/>\n2. Conecta la clavija del conector a tu smartphone o tablet.<br \/>\n3. Si quieres compartir la m\u00fasica que escucha tu beb\u00e9, en la parte superior del conector encontrar\u00e1s otra entrada de audio para que conectes tus auriculares.<br \/>\n4. Para extraer tu Babypod, simplemente tracciona suavemente del cord\u00f3n de conexi\u00f3n.<\/p>\n<p>[\/fusion_text][\/fusion_builder_column][\/fusion_builder_row][\/fusion_builder_container][fusion_builder_container hundred_percent=&#8221;yes&#8221; hundred_percent_height=&#8221;no&#8221; hundred_percent_height_scroll=&#8221;no&#8221; hundred_percent_height_center_content=&#8221;yes&#8221; equal_height_columns=&#8221;no&#8221; menu_anchor=&#8221;&#8221; hide_on_mobile=&#8221;small-visibility,medium-visibility,large-visibility&#8221; class=&#8221;&#8221; id=&#8221;&#8221; background_color=&#8221;rgba(238,213,222,0.31)&#8221; background_image=&#8221;&#8221; background_position=&#8221;center center&#8221; background_repeat=&#8221;no-repeat&#8221; fade=&#8221;no&#8221; background_parallax=&#8221;none&#8221; enable_mobile=&#8221;no&#8221; parallax_speed=&#8221;0.3&#8243; video_mp4=&#8221;&#8221; video_webm=&#8221;&#8221; video_ogv=&#8221;&#8221; video_url=&#8221;&#8221; video_aspect_ratio=&#8221;16:9&#8243; video_loop=&#8221;yes&#8221; video_mute=&#8221;yes&#8221; video_preview_image=&#8221;&#8221; border_size=&#8221;&#8221; border_color=&#8221;&#8221; border_style=&#8221;solid&#8221; margin_top=&#8221;&#8221; margin_bottom=&#8221;&#8221; padding_top=&#8221;&#8221; padding_right=&#8221;&#8221; padding_bottom=&#8221;&#8221; padding_left=&#8221;&#8221;][fusion_builder_row][fusion_builder_column type=&#8221;1_1&#8243; layout=&#8221;1_1&#8243; spacing=&#8221;&#8221; center_content=&#8221;no&#8221; link=&#8221;&#8221; target=&#8221;_self&#8221; min_height=&#8221;&#8221; hide_on_mobile=&#8221;small-visibility,medium-visibility,large-visibility&#8221; class=&#8221;&#8221; id=&#8221;&#8221; background_color=&#8221;rgba(238,213,222,0)&#8221; background_image=&#8221;&#8221; background_position=&#8221;left top&#8221; undefined=&#8221;&#8221; background_repeat=&#8221;no-repeat&#8221; hover_type=&#8221;none&#8221; border_size=&#8221;0&#8243; border_color=&#8221;&#8221; border_style=&#8221;solid&#8221; border_position=&#8221;all&#8221; padding_top=&#8221;&#8221; padding_right=&#8221;&#8221; padding_bottom=&#8221;&#8221; padding_left=&#8221;&#8221; margin_top=&#8221;&#8221; margin_bottom=&#8221;&#8221; animation_type=&#8221;&#8221; animation_direction=&#8221;left&#8221; animation_speed=&#8221;0.3&#8243; animation_offset=&#8221;&#8221; last=&#8221;no&#8221;][fusion_imageframe image_id=&#8221;196&#8243; max_width=&#8221;&#8221; style_type=&#8221;none&#8221; stylecolor=&#8221;&#8221; hover_type=&#8221;none&#8221; bordersize=&#8221;&#8221; bordercolor=&#8221;&#8221; borderradius=&#8221;&#8221; align=&#8221;center&#8221; lightbox=&#8221;no&#8221; gallery_id=&#8221;&#8221; lightbox_image=&#8221;&#8221; alt=&#8221;&#8221; link=&#8221;&#8221; linktarget=&#8221;_self&#8221; hide_on_mobile=&#8221;small-visibility,medium-visibility,large-visibility&#8221; class=&#8221;&#8221; id=&#8221;&#8221; animation_type=&#8221;&#8221; animation_direction=&#8221;left&#8221; animation_speed=&#8221;0.3&#8243; animation_offset=&#8221;&#8221;]https:\/\/babypod.net\/wp-content\/uploads\/2018\/09\/babypod_uso.png[\/fusion_imageframe][\/fusion_builder_column][\/fusion_builder_row][\/fusion_builder_container][fusion_builder_container hundred_percent=&#8221;no&#8221; hundred_percent_height=&#8221;no&#8221; hundred_percent_height_scroll=&#8221;no&#8221; hundred_percent_height_center_content=&#8221;yes&#8221; equal_height_columns=&#8221;no&#8221; menu_anchor=&#8221;&#8221; hide_on_mobile=&#8221;small-visibility,medium-visibility,large-visibility&#8221; class=&#8221;&#8221; id=&#8221;&#8221; background_color=&#8221;&#8221; background_image=&#8221;&#8221; background_position=&#8221;center center&#8221; background_repeat=&#8221;no-repeat&#8221; fade=&#8221;no&#8221; background_parallax=&#8221;none&#8221; enable_mobile=&#8221;no&#8221; parallax_speed=&#8221;0.3&#8243; video_mp4=&#8221;&#8221; video_webm=&#8221;&#8221; video_ogv=&#8221;&#8221; video_url=&#8221;&#8221; video_aspect_ratio=&#8221;16:9&#8243; video_loop=&#8221;yes&#8221; video_mute=&#8221;yes&#8221; video_preview_image=&#8221;&#8221; border_size=&#8221;&#8221; border_color=&#8221;&#8221; border_style=&#8221;solid&#8221; margin_top=&#8221;&#8221; margin_bottom=&#8221;&#8221; padding_top=&#8221;&#8221; padding_right=&#8221;&#8221; padding_bottom=&#8221;&#8221; padding_left=&#8221;&#8221;][fusion_builder_row][fusion_builder_column type=&#8221;1_1&#8243; spacing=&#8221;&#8221; center_content=&#8221;no&#8221; link=&#8221;&#8221; target=&#8221;_self&#8221; min_height=&#8221;&#8221; hide_on_mobile=&#8221;small-visibility,medium-visibility,large-visibility&#8221; class=&#8221;&#8221; id=&#8221;&#8221; background_color=&#8221;&#8221; background_image=&#8221;&#8221; background_position=&#8221;left top&#8221; background_repeat=&#8221;no-repeat&#8221; hover_type=&#8221;none&#8221; border_size=&#8221;0&#8243; border_color=&#8221;&#8221; border_style=&#8221;solid&#8221; border_position=&#8221;all&#8221; padding=&#8221;undefined&#8221; dimension_margin=&#8221;undefined&#8221; animation_type=&#8221;&#8221; animation_direction=&#8221;left&#8221; animation_speed=&#8221;0.3&#8243; animation_offset=&#8221;&#8221; last=&#8221;no&#8221;][fusion_text columns=&#8221;&#8221; column_min_width=&#8221;&#8221; column_spacing=&#8221;&#8221; rule_style=&#8221;default&#8221; rule_size=&#8221;&#8221; rule_color=&#8221;&#8221; class=&#8221;&#8221; id=&#8221;&#8221;]<\/p>\n<h6>Limpieza de Babypod<\/h6>\n<p style=\"text-align: justify;\">Recomendaciones y advertencias:<\/p>\n<p style=\"text-align: justify;\"><strong>Recuerda que la limpieza e higiene de Babypod es muy importante, antes y despu\u00e9s de cada uso.<\/strong><\/p>\n<p style=\"text-align: justify;\">1. Con Babypod <strong>CERRADO<\/strong>, limpia el exterior con agua y jab\u00f3n neutro cada vez que lo utilices, incluyendo la parte del cable que se haya podido introducir. S\u00e9calo y gu\u00e1rdalo. No sumerjas tu Babypod bajo el agua.<\/p>\n<p style=\"text-align: justify;\">2. Para limpiar el interior de tu Babypod, \u00e1brelo en el sentido de las agujas del reloj. Las partes que debes limpiar son el capuch\u00f3n exterior y el filtro o red. Los puedes limpiar con agua y jab\u00f3n neutro.<\/p>\n<p style=\"text-align: justify;\">3. <strong>ADVERTENCIA!<\/strong> Se debe evitar mojar directamente el interior de la parte conectada al cable. Puedes utilizar una toallita h\u00fameda para limpiarla en caso de que fuera necesario.<\/p>\n<p>[\/fusion_text][\/fusion_builder_column][\/fusion_builder_row][\/fusion_builder_container][fusion_builder_container hundred_percent=&#8221;yes&#8221; hundred_percent_height=&#8221;no&#8221; hundred_percent_height_scroll=&#8221;no&#8221; hundred_percent_height_center_content=&#8221;yes&#8221; equal_height_columns=&#8221;no&#8221; menu_anchor=&#8221;&#8221; hide_on_mobile=&#8221;small-visibility,medium-visibility,large-visibility&#8221; class=&#8221;&#8221; id=&#8221;&#8221; background_color=&#8221;rgba(238,213,222,0.31)&#8221; background_image=&#8221;&#8221; background_position=&#8221;center center&#8221; background_repeat=&#8221;no-repeat&#8221; fade=&#8221;no&#8221; background_parallax=&#8221;none&#8221; enable_mobile=&#8221;no&#8221; parallax_speed=&#8221;0.3&#8243; video_mp4=&#8221;&#8221; video_webm=&#8221;&#8221; video_ogv=&#8221;&#8221; video_url=&#8221;&#8221; video_aspect_ratio=&#8221;16:9&#8243; video_loop=&#8221;yes&#8221; video_mute=&#8221;yes&#8221; video_preview_image=&#8221;&#8221; border_size=&#8221;&#8221; border_color=&#8221;&#8221; border_style=&#8221;solid&#8221; margin_top=&#8221;&#8221; margin_bottom=&#8221;&#8221; padding_top=&#8221;&#8221; padding_right=&#8221;&#8221; padding_bottom=&#8221;&#8221; padding_left=&#8221;&#8221;][fusion_builder_row][fusion_builder_column type=&#8221;1_1&#8243; spacing=&#8221;&#8221; center_content=&#8221;no&#8221; link=&#8221;&#8221; target=&#8221;_self&#8221; min_height=&#8221;&#8221; hide_on_mobile=&#8221;small-visibility,medium-visibility,large-visibility&#8221; class=&#8221;&#8221; id=&#8221;&#8221; background_color=&#8221;&#8221; background_image=&#8221;&#8221; background_position=&#8221;left top&#8221; background_repeat=&#8221;no-repeat&#8221; hover_type=&#8221;none&#8221; border_size=&#8221;0&#8243; border_color=&#8221;&#8221; border_style=&#8221;solid&#8221; border_position=&#8221;all&#8221; padding=&#8221;undefined&#8221; dimension_margin=&#8221;undefined&#8221; animation_type=&#8221;&#8221; animation_direction=&#8221;left&#8221; animation_speed=&#8221;0.3&#8243; animation_offset=&#8221;&#8221; last=&#8221;no&#8221;][fusion_imageframe image_id=&#8221;198&#8243; max_width=&#8221;&#8221; style_type=&#8221;none&#8221; stylecolor=&#8221;&#8221; hover_type=&#8221;none&#8221; bordersize=&#8221;&#8221; bordercolor=&#8221;&#8221; borderradius=&#8221;&#8221; align=&#8221;center&#8221; lightbox=&#8221;no&#8221; gallery_id=&#8221;&#8221; lightbox_image=&#8221;&#8221; alt=&#8221;&#8221; link=&#8221;&#8221; linktarget=&#8221;_self&#8221; hide_on_mobile=&#8221;small-visibility,medium-visibility,large-visibility&#8221; class=&#8221;&#8221; id=&#8221;&#8221; animation_type=&#8221;&#8221; animation_direction=&#8221;left&#8221; animation_speed=&#8221;0.3&#8243; animation_offset=&#8221;&#8221;]https:\/\/babypod.net\/wp-content\/uploads\/2018\/09\/limpieza_babypod.png[\/fusion_imageframe][\/fusion_builder_column][\/fusion_builder_row][\/fusion_builder_container][fusion_builder_container hundred_percent=&#8221;no&#8221; hundred_percent_height=&#8221;no&#8221; hundred_percent_height_scroll=&#8221;no&#8221; hundred_percent_height_center_content=&#8221;yes&#8221; equal_height_columns=&#8221;no&#8221; menu_anchor=&#8221;&#8221; hide_on_mobile=&#8221;small-visibility,medium-visibility,large-visibility&#8221; class=&#8221;&#8221; id=&#8221;&#8221; background_color=&#8221;&#8221; background_image=&#8221;&#8221; background_position=&#8221;center center&#8221; background_repeat=&#8221;no-repeat&#8221; fade=&#8221;no&#8221; background_parallax=&#8221;none&#8221; enable_mobile=&#8221;no&#8221; parallax_speed=&#8221;0.3&#8243; video_mp4=&#8221;&#8221; video_webm=&#8221;&#8221; video_ogv=&#8221;&#8221; video_url=&#8221;&#8221; video_aspect_ratio=&#8221;16:9&#8243; video_loop=&#8221;yes&#8221; video_mute=&#8221;yes&#8221; video_preview_image=&#8221;&#8221; border_size=&#8221;&#8221; border_color=&#8221;&#8221; border_style=&#8221;solid&#8221; margin_top=&#8221;&#8221; margin_bottom=&#8221;&#8221; padding_top=&#8221;&#8221; padding_right=&#8221;&#8221; padding_bottom=&#8221;&#8221; padding_left=&#8221;&#8221;][fusion_builder_row][fusion_builder_column type=&#8221;1_1&#8243; spacing=&#8221;&#8221; center_content=&#8221;no&#8221; link=&#8221;&#8221; target=&#8221;_self&#8221; min_height=&#8221;&#8221; hide_on_mobile=&#8221;small-visibility,medium-visibility,large-visibility&#8221; class=&#8221;&#8221; id=&#8221;&#8221; background_color=&#8221;&#8221; background_image=&#8221;&#8221; background_position=&#8221;left top&#8221; background_repeat=&#8221;no-repeat&#8221; hover_type=&#8221;none&#8221; border_size=&#8221;0&#8243; border_color=&#8221;&#8221; border_style=&#8221;solid&#8221; border_position=&#8221;all&#8221; padding=&#8221;undefined&#8221; dimension_margin=&#8221;undefined&#8221; animation_type=&#8221;&#8221; animation_direction=&#8221;left&#8221; animation_speed=&#8221;0.3&#8243; animation_offset=&#8221;&#8221; last=&#8221;no&#8221;][fusion_separator style_type=&#8221;default&#8221; hide_on_mobile=&#8221;small-visibility,medium-visibility,large-visibility&#8221; class=&#8221;&#8221; id=&#8221;&#8221; sep_color=&#8221;#ffffff&#8221; top_margin=&#8221;&#8221; bottom_margin=&#8221;&#8221; border_size=&#8221;14&#8243; icon=&#8221;&#8221; icon_circle=&#8221;&#8221; icon_circle_color=&#8221;&#8221; width=&#8221;&#8221; alignment=&#8221;center&#8221; \/][fusion_youtube id=&#8221;https:\/\/youtu.be\/4jUDdqP1A08&#8243; alignment=&#8221;center&#8221; width=&#8221;1500&#8243; height=&#8221;850&#8243; autoplay=&#8221;false&#8221; api_params=&#8221;&#8221; hide_on_mobile=&#8221;small-visibility,medium-visibility,large-visibility&#8221; class=&#8221;&#8221; \/][\/fusion_builder_column][\/fusion_builder_row][\/fusion_builder_container]<\/p>\n","protected":false},"excerpt":{"rendered":"<p>[fusion_builder_container hundred_percent=&#8221;no&#8221; hundred_percent_height=&#8221;no&#8221; hundred_percent_height_scroll=&#8221;no&#8221; hundred_percent_height_center_content=&#8221;yes&#8221; equal_height_columns=&#8221;no&#8221; menu_anchor=&#8221;&#8221; hide_on_mobile=&#8221;small-visibility,medium-visibility,large-visibility&#8221; class=&#8221;&#8221; id=&#8221;&#8221; background_color=&#8221;&#8221; background_image=&#8221;&#8221; background_position=&#8221;center center&#8221; background_repeat=&#8221;no-repeat&#8221; fade=&#8221;no&#8221; background_parallax=&#8221;none&#8221; enable_mobile=&#8221;no&#8221; parallax_speed=&#8221;0.3&#8243; video_mp4=&#8221;&#8221; video_webm=&#8221;&#8221; video_ogv=&#8221;&#8221; video_url=&#8221;&#8221; video_aspect_ratio=&#8221;16:9&#8243; video_loop=&#8221;yes&#8221; video_mute=&#8221;yes&#8221; video_preview_image=&#8221;&#8221; border_size=&#8221;&#8221; border_color=&#8221;&#8221; border_style=&#8221;solid&#8221; margin_top=&#8221;&#8221; margin_bottom=&#8221;&#8221; padding_top=&#8221;&#8221; padding_right=&#8221;&#8221; padding_bottom=&#8221;&#8221; padding_left=&#8221;&#8221;][fusion_builder_row][fusion_builder_column type=&#8221;1_1&#8243; layout=&#8221;1_1&#8243; spacing=&#8221;&#8221; center_content=&#8221;no&#8221; link=&#8221;&#8221; target=&#8221;_self&#8221; min_height=&#8221;&#8221; hide_on_mobile=&#8221;small-visibility,medium-visibility,large-visibility&#8221; class=&#8221;&#8221; id=&#8221;&#8221; background_color=&#8221;&#8221; background_image=&#8221;&#8221; background_position=&#8221;left top&#8221; background_repeat=&#8221;no-repeat&#8221; hover_type=&#8221;none&#8221; border_size=&#8221;0&#8243; border_color=&#8221;&#8221; border_style=&#8221;solid&#8221; [&hellip;]<\/p>\n","protected":false},"author":1,"featured_media":0,"parent":834,"menu_order":0,"comment_status":"closed","ping_status":"closed","template":"","meta":{"content-type":""},"yoast_head":"<!-- This site is optimized with the Yoast SEO plugin v20.7 - https:\/\/yoast.com\/wordpress\/plugins\/seo\/ -->\n<title>Come utilzzare Babypod - BABYPOD<\/title>\n<meta name=\"robots\" content=\"index, follow, max-snippet:-1, max-image-preview:large, max-video-preview:-1\" \/>\n<link rel=\"canonical\" href=\"https:\/\/babypod.net\/it\/che-cose-babypod\/come-utilzzare-babypod\/\" \/>\n<meta property=\"og:locale\" content=\"it_IT\" \/>\n<meta property=\"og:type\" content=\"article\" \/>\n<meta property=\"og:title\" content=\"Come utilzzare Babypod - BABYPOD\" \/>\n<meta property=\"og:description\" content=\"[fusion_builder_container hundred_percent=&#8221;no&#8221; hundred_percent_height=&#8221;no&#8221; hundred_percent_height_scroll=&#8221;no&#8221; hundred_percent_height_center_content=&#8221;yes&#8221; equal_height_columns=&#8221;no&#8221; menu_anchor=&#8221;&#8221; hide_on_mobile=&#8221;small-visibility,medium-visibility,large-visibility&#8221; class=&#8221;&#8221; id=&#8221;&#8221; background_color=&#8221;&#8221; background_image=&#8221;&#8221; background_position=&#8221;center center&#8221; background_repeat=&#8221;no-repeat&#8221; fade=&#8221;no&#8221; background_parallax=&#8221;none&#8221; enable_mobile=&#8221;no&#8221; parallax_speed=&#8221;0.3&#8243; video_mp4=&#8221;&#8221; video_webm=&#8221;&#8221; video_ogv=&#8221;&#8221; video_url=&#8221;&#8221; video_aspect_ratio=&#8221;16:9&#8243; video_loop=&#8221;yes&#8221; video_mute=&#8221;yes&#8221; video_preview_image=&#8221;&#8221; border_size=&#8221;&#8221; border_color=&#8221;&#8221; border_style=&#8221;solid&#8221; margin_top=&#8221;&#8221; margin_bottom=&#8221;&#8221; padding_top=&#8221;&#8221; padding_right=&#8221;&#8221; padding_bottom=&#8221;&#8221; padding_left=&#8221;&#8221;][fusion_builder_row][fusion_builder_column type=&#8221;1_1&#8243; layout=&#8221;1_1&#8243; spacing=&#8221;&#8221; center_content=&#8221;no&#8221; link=&#8221;&#8221; target=&#8221;_self&#8221; min_height=&#8221;&#8221; hide_on_mobile=&#8221;small-visibility,medium-visibility,large-visibility&#8221; class=&#8221;&#8221; id=&#8221;&#8221; background_color=&#8221;&#8221; background_image=&#8221;&#8221; background_position=&#8221;left top&#8221; background_repeat=&#8221;no-repeat&#8221; hover_type=&#8221;none&#8221; border_size=&#8221;0&#8243; border_color=&#8221;&#8221; border_style=&#8221;solid&#8221; [&hellip;]\" \/>\n<meta property=\"og:url\" content=\"https:\/\/babypod.net\/it\/che-cose-babypod\/come-utilzzare-babypod\/\" \/>\n<meta property=\"og:site_name\" content=\"BABYPOD\" \/>\n<meta property=\"article:modified_time\" content=\"2022-07-25T13:39:15+00:00\" \/>\n<meta name=\"twitter:card\" content=\"summary_large_image\" \/>\n<meta name=\"twitter:label1\" content=\"Tempo di lettura stimato\" \/>\n\t<meta name=\"twitter:data1\" content=\"6 minuti\" \/>\n<script type=\"application\/ld+json\" class=\"yoast-schema-graph\">{\"@context\":\"https:\/\/schema.org\",\"@graph\":[{\"@type\":\"WebPage\",\"@id\":\"https:\/\/babypod.net\/it\/che-cose-babypod\/come-utilzzare-babypod\/\",\"url\":\"https:\/\/babypod.net\/it\/che-cose-babypod\/come-utilzzare-babypod\/\",\"name\":\"Come utilzzare Babypod - BABYPOD\",\"isPartOf\":{\"@id\":\"https:\/\/babypod.net\/fr\/#website\"},\"datePublished\":\"2018-10-23T15:39:00+00:00\",\"dateModified\":\"2022-07-25T13:39:15+00:00\",\"breadcrumb\":{\"@id\":\"https:\/\/babypod.net\/it\/che-cose-babypod\/come-utilzzare-babypod\/#breadcrumb\"},\"inLanguage\":\"it-IT\",\"potentialAction\":[{\"@type\":\"ReadAction\",\"target\":[\"https:\/\/babypod.net\/it\/che-cose-babypod\/come-utilzzare-babypod\/\"]}]},{\"@type\":\"BreadcrumbList\",\"@id\":\"https:\/\/babypod.net\/it\/che-cose-babypod\/come-utilzzare-babypod\/#breadcrumb\",\"itemListElement\":[{\"@type\":\"ListItem\",\"position\":1,\"name\":\"Portada\",\"item\":\"https:\/\/babypod.net\/it\/inizzio\/\"},{\"@type\":\"ListItem\",\"position\":2,\"name\":\"Che cos&#8217;\u00e8 Babypod\",\"item\":\"https:\/\/babypod.net\/it\/che-cose-babypod\/\"},{\"@type\":\"ListItem\",\"position\":3,\"name\":\"Come utilzzare Babypod\"}]},{\"@type\":\"WebSite\",\"@id\":\"https:\/\/babypod.net\/fr\/#website\",\"url\":\"https:\/\/babypod.net\/fr\/\",\"name\":\"BABYPOD\",\"description\":\"Music is life\",\"potentialAction\":[{\"@type\":\"SearchAction\",\"target\":{\"@type\":\"EntryPoint\",\"urlTemplate\":\"https:\/\/babypod.net\/fr\/?s={search_term_string}\"},\"query-input\":\"required name=search_term_string\"}],\"inLanguage\":\"it-IT\"}]}<\/script>\n<!-- \/ Yoast SEO plugin. -->","yoast_head_json":{"title":"Come utilzzare Babypod - BABYPOD","robots":{"index":"index","follow":"follow","max-snippet":"max-snippet:-1","max-image-preview":"max-image-preview:large","max-video-preview":"max-video-preview:-1"},"canonical":"https:\/\/babypod.net\/it\/che-cose-babypod\/come-utilzzare-babypod\/","og_locale":"it_IT","og_type":"article","og_title":"Come utilzzare Babypod - BABYPOD","og_description":"[fusion_builder_container hundred_percent=&#8221;no&#8221; hundred_percent_height=&#8221;no&#8221; hundred_percent_height_scroll=&#8221;no&#8221; hundred_percent_height_center_content=&#8221;yes&#8221; equal_height_columns=&#8221;no&#8221; menu_anchor=&#8221;&#8221; hide_on_mobile=&#8221;small-visibility,medium-visibility,large-visibility&#8221; class=&#8221;&#8221; id=&#8221;&#8221; background_color=&#8221;&#8221; background_image=&#8221;&#8221; background_position=&#8221;center center&#8221; background_repeat=&#8221;no-repeat&#8221; fade=&#8221;no&#8221; background_parallax=&#8221;none&#8221; enable_mobile=&#8221;no&#8221; parallax_speed=&#8221;0.3&#8243; video_mp4=&#8221;&#8221; video_webm=&#8221;&#8221; video_ogv=&#8221;&#8221; video_url=&#8221;&#8221; video_aspect_ratio=&#8221;16:9&#8243; video_loop=&#8221;yes&#8221; video_mute=&#8221;yes&#8221; video_preview_image=&#8221;&#8221; border_size=&#8221;&#8221; border_color=&#8221;&#8221; border_style=&#8221;solid&#8221; margin_top=&#8221;&#8221; margin_bottom=&#8221;&#8221; padding_top=&#8221;&#8221; padding_right=&#8221;&#8221; padding_bottom=&#8221;&#8221; padding_left=&#8221;&#8221;][fusion_builder_row][fusion_builder_column type=&#8221;1_1&#8243; layout=&#8221;1_1&#8243; spacing=&#8221;&#8221; center_content=&#8221;no&#8221; link=&#8221;&#8221; target=&#8221;_self&#8221; min_height=&#8221;&#8221; hide_on_mobile=&#8221;small-visibility,medium-visibility,large-visibility&#8221; class=&#8221;&#8221; id=&#8221;&#8221; background_color=&#8221;&#8221; background_image=&#8221;&#8221; background_position=&#8221;left top&#8221; background_repeat=&#8221;no-repeat&#8221; hover_type=&#8221;none&#8221; border_size=&#8221;0&#8243; border_color=&#8221;&#8221; border_style=&#8221;solid&#8221; [&hellip;]","og_url":"https:\/\/babypod.net\/it\/che-cose-babypod\/come-utilzzare-babypod\/","og_site_name":"BABYPOD","article_modified_time":"2022-07-25T13:39:15+00:00","twitter_card":"summary_large_image","twitter_misc":{"Tempo di lettura stimato":"6 minuti"},"schema":{"@context":"https:\/\/schema.org","@graph":[{"@type":"WebPage","@id":"https:\/\/babypod.net\/it\/che-cose-babypod\/come-utilzzare-babypod\/","url":"https:\/\/babypod.net\/it\/che-cose-babypod\/come-utilzzare-babypod\/","name":"Come utilzzare Babypod - BABYPOD","isPartOf":{"@id":"https:\/\/babypod.net\/fr\/#website"},"datePublished":"2018-10-23T15:39:00+00:00","dateModified":"2022-07-25T13:39:15+00:00","breadcrumb":{"@id":"https:\/\/babypod.net\/it\/che-cose-babypod\/come-utilzzare-babypod\/#breadcrumb"},"inLanguage":"it-IT","potentialAction":[{"@type":"ReadAction","target":["https:\/\/babypod.net\/it\/che-cose-babypod\/come-utilzzare-babypod\/"]}]},{"@type":"BreadcrumbList","@id":"https:\/\/babypod.net\/it\/che-cose-babypod\/come-utilzzare-babypod\/#breadcrumb","itemListElement":[{"@type":"ListItem","position":1,"name":"Portada","item":"https:\/\/babypod.net\/it\/inizzio\/"},{"@type":"ListItem","position":2,"name":"Che cos&#8217;\u00e8 Babypod","item":"https:\/\/babypod.net\/it\/che-cose-babypod\/"},{"@type":"ListItem","position":3,"name":"Come utilzzare Babypod"}]},{"@type":"WebSite","@id":"https:\/\/babypod.net\/fr\/#website","url":"https:\/\/babypod.net\/fr\/","name":"BABYPOD","description":"Music is life","potentialAction":[{"@type":"SearchAction","target":{"@type":"EntryPoint","urlTemplate":"https:\/\/babypod.net\/fr\/?s={search_term_string}"},"query-input":"required name=search_term_string"}],"inLanguage":"it-IT"}]}},"_links":{"self":[{"href":"https:\/\/babypod.net\/it\/wp-json\/wp\/v2\/pages\/847"}],"collection":[{"href":"https:\/\/babypod.net\/it\/wp-json\/wp\/v2\/pages"}],"about":[{"href":"https:\/\/babypod.net\/it\/wp-json\/wp\/v2\/types\/page"}],"author":[{"embeddable":true,"href":"https:\/\/babypod.net\/it\/wp-json\/wp\/v2\/users\/1"}],"replies":[{"embeddable":true,"href":"https:\/\/babypod.net\/it\/wp-json\/wp\/v2\/comments?post=847"}],"version-history":[{"count":7,"href":"https:\/\/babypod.net\/it\/wp-json\/wp\/v2\/pages\/847\/revisions"}],"predecessor-version":[{"id":16585,"href":"https:\/\/babypod.net\/it\/wp-json\/wp\/v2\/pages\/847\/revisions\/16585"}],"up":[{"embeddable":true,"href":"https:\/\/babypod.net\/it\/wp-json\/wp\/v2\/pages\/834"}],"wp:attachment":[{"href":"https:\/\/babypod.net\/it\/wp-json\/wp\/v2\/media?parent=847"}],"curies":[{"name":"wp","href":"https:\/\/api.w.org\/{rel}","templated":true}]}}