{"id":736,"date":"2018-10-23T08:15:47","date_gmt":"2018-10-23T08:15:47","guid":{"rendered":"https:\/\/babypod.net\/?page_id=736"},"modified":"2019-08-07T17:52:27","modified_gmt":"2019-08-07T15:52:27","slug":"avis-legal","status":"publish","type":"page","link":"https:\/\/babypod.net\/fr\/avis-legal\/","title":{"rendered":"Avis legal"},"content":{"rendered":"<p>[fusion_builder_container hundred_percent=\u00a0\u00bbno\u00a0\u00bb hundred_percent_height=\u00a0\u00bbno\u00a0\u00bb hundred_percent_height_scroll=\u00a0\u00bbno\u00a0\u00bb hundred_percent_height_center_content=\u00a0\u00bbyes\u00a0\u00bb equal_height_columns=\u00a0\u00bbno\u00a0\u00bb menu_anchor=\u00a0\u00bb\u00a0\u00bb hide_on_mobile=\u00a0\u00bbsmall-visibility,medium-visibility,large-visibility\u00a0\u00bb class=\u00a0\u00bb\u00a0\u00bb id=\u00a0\u00bb\u00a0\u00bb background_color=\u00a0\u00bb\u00a0\u00bb background_image=\u00a0\u00bb\u00a0\u00bb background_position=\u00a0\u00bbcenter center\u00a0\u00bb background_repeat=\u00a0\u00bbno-repeat\u00a0\u00bb fade=\u00a0\u00bbno\u00a0\u00bb background_parallax=\u00a0\u00bbnone\u00a0\u00bb enable_mobile=\u00a0\u00bbno\u00a0\u00bb parallax_speed=\u00a0\u00bb0.3&Prime; video_mp4=\u00a0\u00bb\u00a0\u00bb video_webm=\u00a0\u00bb\u00a0\u00bb video_ogv=\u00a0\u00bb\u00a0\u00bb video_url=\u00a0\u00bb\u00a0\u00bb video_aspect_ratio=\u00a0\u00bb16:9&Prime; video_loop=\u00a0\u00bbyes\u00a0\u00bb video_mute=\u00a0\u00bbyes\u00a0\u00bb video_preview_image=\u00a0\u00bb\u00a0\u00bb border_size=\u00a0\u00bb\u00a0\u00bb border_color=\u00a0\u00bb\u00a0\u00bb border_style=\u00a0\u00bbsolid\u00a0\u00bb margin_top=\u00a0\u00bb\u00a0\u00bb margin_bottom=\u00a0\u00bb\u00a0\u00bb padding_top=\u00a0\u00bb\u00a0\u00bb padding_right=\u00a0\u00bb\u00a0\u00bb padding_bottom=\u00a0\u00bb\u00a0\u00bb padding_left=\u00a0\u00bb\u00a0\u00bb][fusion_builder_row][fusion_builder_column type=\u00a0\u00bb1_1&Prime; layout=\u00a0\u00bb1_1&Prime; spacing=\u00a0\u00bb\u00a0\u00bb center_content=\u00a0\u00bbno\u00a0\u00bb link=\u00a0\u00bb\u00a0\u00bb target=\u00a0\u00bb_self\u00a0\u00bb min_height=\u00a0\u00bb\u00a0\u00bb hide_on_mobile=\u00a0\u00bbsmall-visibility,medium-visibility,large-visibility\u00a0\u00bb class=\u00a0\u00bb\u00a0\u00bb id=\u00a0\u00bb\u00a0\u00bb background_color=\u00a0\u00bb\u00a0\u00bb background_image=\u00a0\u00bb\u00a0\u00bb background_position=\u00a0\u00bbleft top\u00a0\u00bb background_repeat=\u00a0\u00bbno-repeat\u00a0\u00bb hover_type=\u00a0\u00bbnone\u00a0\u00bb border_size=\u00a0\u00bb0&Prime; border_color=\u00a0\u00bb\u00a0\u00bb border_style=\u00a0\u00bbsolid\u00a0\u00bb border_position=\u00a0\u00bball\u00a0\u00bb padding_top=\u00a0\u00bb\u00a0\u00bb padding_right=\u00a0\u00bb\u00a0\u00bb padding_bottom=\u00a0\u00bb\u00a0\u00bb padding_left=\u00a0\u00bb\u00a0\u00bb dimension_margin=\u00a0\u00bb\u00a0\u00bb animation_type=\u00a0\u00bb\u00a0\u00bb animation_direction=\u00a0\u00bbleft\u00a0\u00bb animation_speed=\u00a0\u00bb0.3&Prime; animation_offset=\u00a0\u00bb\u00a0\u00bb last=\u00a0\u00bbno\u00a0\u00bb][fusion_title margin_top=\u00a0\u00bb\u00a0\u00bb margin_bottom=\u00a0\u00bb\u00a0\u00bb hide_on_mobile=\u00a0\u00bbsmall-visibility,medium-visibility,large-visibility\u00a0\u00bb class=\u00a0\u00bb\u00a0\u00bb id=\u00a0\u00bb\u00a0\u00bb size=\u00a0\u00bb1&Prime; content_align=\u00a0\u00bbcenter\u00a0\u00bb style_type=\u00a0\u00bbdefault\u00a0\u00bb sep_color=\u00a0\u00bb\u00a0\u00bb]<\/p>\n<p>Mentions l\u00e9gale<\/p>\n<p>[\/fusion_title][\/fusion_builder_column][\/fusion_builder_row][\/fusion_builder_container][fusion_builder_container hundred_percent=\u00a0\u00bbno\u00a0\u00bb hundred_percent_height=\u00a0\u00bbno\u00a0\u00bb hundred_percent_height_scroll=\u00a0\u00bbno\u00a0\u00bb hundred_percent_height_center_content=\u00a0\u00bbyes\u00a0\u00bb equal_height_columns=\u00a0\u00bbno\u00a0\u00bb menu_anchor=\u00a0\u00bb\u00a0\u00bb hide_on_mobile=\u00a0\u00bbsmall-visibility,medium-visibility,large-visibility\u00a0\u00bb class=\u00a0\u00bb\u00a0\u00bb id=\u00a0\u00bb\u00a0\u00bb background_color=\u00a0\u00bb\u00a0\u00bb background_image=\u00a0\u00bb\u00a0\u00bb background_position=\u00a0\u00bbcenter center\u00a0\u00bb background_repeat=\u00a0\u00bbno-repeat\u00a0\u00bb fade=\u00a0\u00bbno\u00a0\u00bb background_parallax=\u00a0\u00bbnone\u00a0\u00bb enable_mobile=\u00a0\u00bbno\u00a0\u00bb parallax_speed=\u00a0\u00bb0.3&Prime; video_mp4=\u00a0\u00bb\u00a0\u00bb video_webm=\u00a0\u00bb\u00a0\u00bb video_ogv=\u00a0\u00bb\u00a0\u00bb video_url=\u00a0\u00bb\u00a0\u00bb video_aspect_ratio=\u00a0\u00bb16:9&Prime; video_loop=\u00a0\u00bbyes\u00a0\u00bb video_mute=\u00a0\u00bbyes\u00a0\u00bb video_preview_image=\u00a0\u00bb\u00a0\u00bb border_size=\u00a0\u00bb\u00a0\u00bb border_color=\u00a0\u00bb\u00a0\u00bb border_style=\u00a0\u00bbsolid\u00a0\u00bb][fusion_builder_row][fusion_builder_column type=\u00a0\u00bb1_1&Prime; layout=\u00a0\u00bb1_1&Prime; spacing=\u00a0\u00bb\u00a0\u00bb center_content=\u00a0\u00bbno\u00a0\u00bb link=\u00a0\u00bb\u00a0\u00bb target=\u00a0\u00bb_self\u00a0\u00bb min_height=\u00a0\u00bb\u00a0\u00bb hide_on_mobile=\u00a0\u00bbsmall-visibility,medium-visibility,large-visibility\u00a0\u00bb class=\u00a0\u00bb\u00a0\u00bb id=\u00a0\u00bb\u00a0\u00bb background_color=\u00a0\u00bb\u00a0\u00bb background_image=\u00a0\u00bb\u00a0\u00bb background_position=\u00a0\u00bbleft top\u00a0\u00bb background_repeat=\u00a0\u00bbno-repeat\u00a0\u00bb hover_type=\u00a0\u00bbnone\u00a0\u00bb border_size=\u00a0\u00bb0&Prime; border_color=\u00a0\u00bb\u00a0\u00bb border_style=\u00a0\u00bbsolid\u00a0\u00bb border_position=\u00a0\u00bball\u00a0\u00bb padding_top=\u00a0\u00bb\u00a0\u00bb padding_right=\u00a0\u00bb\u00a0\u00bb padding_bottom=\u00a0\u00bb\u00a0\u00bb padding_left=\u00a0\u00bb\u00a0\u00bb dimension_margin=\u00a0\u00bb\u00a0\u00bb animation_type=\u00a0\u00bb\u00a0\u00bb animation_direction=\u00a0\u00bbleft\u00a0\u00bb animation_speed=\u00a0\u00bb0.3&Prime; animation_offset=\u00a0\u00bb\u00a0\u00bb last=\u00a0\u00bbno\u00a0\u00bb][fusion_text columns=\u00a0\u00bb\u00a0\u00bb column_min_width=\u00a0\u00bb\u00a0\u00bb column_spacing=\u00a0\u00bb\u00a0\u00bb rule_style=\u00a0\u00bbdefault\u00a0\u00bb rule_size=\u00a0\u00bb\u00a0\u00bb rule_color=\u00a0\u00bb\u00a0\u00bb class=\u00a0\u00bb\u00a0\u00bb id=\u00a0\u00bb\u00a0\u00bb]<\/p>\n<h2>1. Introduction et donn\u00e9es identificatoires<\/h2>\n<p>Le pr\u00e9sent document a pour objet d\u2019\u00e9tablir et r\u00e9glementer les normes d\u2019utilisation et la sauvegarde des donn\u00e9es du site<a href=\"https:\/\/babypod.net\/\"> www.babypod.net<\/a> (dor\u00e9navant, le \u00ab\u00a0Site\u00a0\u00bb), en entendant par Site toutes les pages et leurs contenus, propri\u00e9t\u00e9 du Music in Baby S.L. (dor\u00e9navant \u00ab\u00a0MiB\u00a0\u00bb), auxquelles il est possible d\u2019acc\u00e9der par le domaine <a href=\"https:\/\/babypod.net\/\">www.babypod.net<\/a>\u00a0et ses sous-domaines.<\/p>\n<p>L\u2019utilisation de ce site Internet et microsites associ\u00e9s constitue un agr\u00e9ment concernant tous les Termes et Conditions list\u00e9s ci-apr\u00e8s:<\/p>\n<p>Conform\u00e9ment \u00e0 ce qu\u2019\u00e9tablit la Loi sur les Services de la Soci\u00e9t\u00e9 de l\u2019Information, nous vous communiquons que le propri\u00e9taire du pr\u00e9sent Site est MiB, ayant son domicile social sis \u00e0 Barcelone, C\/ de la Mare de D\u00e9u de la Salut 78, 1\u00ba et adresse \u00e9lectronique<a href=\"mailto:info@musicinbaby.com\"> info@musicinbaby.com<\/a>, titulaire du SIRET (CIF) B-66240243.<\/p>\n<p>Nous consid\u00e9rons que sont compris dans ce site Internet tous les microsites associ\u00e9s auxquels il est possible d\u2019acc\u00e9der \u00e0 partir du pr\u00e9sent site Internet, \u00e0 l\u2019exception des microsites recueillant express\u00e9ment des conditions d\u2019utilisation propres, qui leur seront appliqu\u00e9es particuli\u00e8rement.<\/p>\n<p>Cette Notice L\u00e9gale r\u00e9glemente l\u2019acc\u00e8s et l\u2019utilisation du service du Site qu\u2019MiB met \u00e0 disposition des utilisateurs d\u2019Internet sans pr\u00e9judice que l\u2019acc\u00e8s \u00e0 certains services puisse exiger l\u2019acceptation de conditions particuli\u00e8res.<\/p>\n<p>L\u2019utilisation du Site vous en attribue la condition d\u2019Utilisateur (dor\u00e9navant \u00ab\u00a0l\u2019Utilisateur\u00a0\u00bb) qui s\u2019engage \u00e0 utiliser les services conform\u00e9ment \u00e0 la loi, la morale, les bons usages et l\u2019ordre public, ainsi qu\u2019aux dispositions de la pr\u00e9sente Notice L\u00e9gale. L\u2019acc\u00e8s \u00e0 ce site et ses microsites associ\u00e9s est exclusivement de la responsabilit\u00e9 des utilisateurs. Les risques d\u00e9coulant de l\u2019utilisation du Site et ses microsites par l\u2019Utilisateur seront assum\u00e9s exclusivement par ce dernier. MiB ne garantit pas, entre autres choses\u00a0: l\u2019infaillibilit\u00e9, la disponibilit\u00e9, la continuit\u00e9, l\u2019inexistence de d\u00e9faillances et la s\u00e9curit\u00e9 du Site et des microsites associ\u00e9s, ainsi que le fait que leur contenu ou l\u2019information qui y passe ne contiennent pas de virus ou autres \u00e9l\u00e9ments pr\u00e9judiciables, etc.<\/p>\n<p>MiB ne sera aucunement responsable des dommages directs, incidentels, secondaires, indirects ou punitifs pouvant d\u00e9couler de l\u2019acc\u00e8s, l\u2019utilisation ou l\u2019incapacit\u00e9 de votre part \u00e0 utiliser ce site, ni des erreurs ou omissions pr\u00e9sentes dans l\u2019information contenue dans celui-ci.<\/p>\n<p>Vu la dimension internationale d\u2019MiB, les conditions l\u00e9gales sp\u00e9cifiques d\u2019acc\u00e8s aux contenus pourraient \u00eatre diff\u00e9rentes en fonction du pays \u00e0 partir duquel l\u2019acc\u00e8s se produit.<\/p>\n<h2>2.\u00a0Propri\u00e9t\u00e9 intellectuelle<\/h2>\n<p>Les contenus et \u00e9l\u00e9ments graphiques faisant partie du Site (images, sons, textes, fichiers, code source, logotypes, marques, design ou tout autre, y compris les microsites cr\u00e9\u00e9s par MiB), sauf indication du contraire, sont de la propri\u00e9t\u00e9 exclusive d\u2019IM ou de tierces personnes physiques ou morales auxquelles leur utilisation a \u00e9t\u00e9 autoris\u00e9e et sont soumis \u00e0 la protection pr\u00e9vue dans la r\u00e9glementation sur la propri\u00e9t\u00e9 intellectuelle et industrielle espagnole. Tous droits de propri\u00e9t\u00e9 industrielle et intellectuelle r\u00e9serv\u00e9s. L\u2019acc\u00e8s aux contenus du Site n\u2019implique pas la concession d\u2019une licence d\u2019utilisation desdits droits,\u00a0leur reproduction, modification, distribution ou communication publique \u00e9tant donc interdite conform\u00e9ment \u00e0 la l\u00e9gislation espagnole en vigueur, sauf autorisation expresse par \u00e9crit de la part des propri\u00e9taires.<\/p>\n<p>Si l\u2019utilisateur observe ou croit que l\u2019un des contenus utilis\u00e9s par MiB peut violer les droits d\u2019auteur, nous le prions de contacter imm\u00e9diatement le Service de Processus, Qualit\u00e9 et Protection des Donn\u00e9es (LOPD) via le mail: <a href=\"mailto:info@musicinbaby.com\">info@musicinbaby.com<\/a>.<\/p>\n<h2>3. Responsabilit\u00e9s<\/h2>\n<p>Ce site Internet et les microsites associ\u00e9s peuvent contenir de l\u2019information g\u00e9n\u00e9rale relative \u00e0 des maladies ou situations m\u00e9dicales et \u00e0 leur traitement. Cette information est exclusivement fournie \u00e0 des fins informatives et \u00e9ducatives, elle ne constitue pas un diagnostic et ne vise pas \u00e0 remplacer le conseil ou l\u2019examen d\u2019un m\u00e9decin ou d\u2019un autre professionnel sanitaire qualifi\u00e9.<\/p>\n<p>MiB se r\u00e9serve la facult\u00e9 d\u2019effectuer, \u00e0 tout moment et sans pr\u00e9avis, des modifications et mises \u00e0 jour de l\u2019information contenue dans le Site et ses microsites associ\u00e9s, de la configuration, la disponibilit\u00e9 et la pr\u00e9sentation de ceux-ci, ainsi que des pr\u00e9sentes conditions d\u2019utilisation.<\/p>\n<h2>4.\u00a0Protection des donn\u00e9es<\/h2>\n<p>L\u2019Utilisateur des services propos\u00e9s sur le Site et microsites associ\u00e9s fournit volontairement des donn\u00e9es \u00e0 caract\u00e8re personnel et accepte express\u00e9ment, pleinement et sans r\u00e9serves qu\u2019MiB les traite de mani\u00e8re automatis\u00e9e et les incorpore au fichier de Dossier Clinique, dans les buts suivants: r\u00e9pondre \u00e0 vos demandes de traitement, donner un acc\u00e8s \u00e0 la zone priv\u00e9e de clients le cas \u00e9ch\u00e9ant, r\u00e9pondre \u00e0 vos demandes d\u2019information, consultation et\/ou inscription \u00e0 l\u2019une de nos activit\u00e9s, afin de vous contacter et vous envoyer des communications contenant des informations sur nos services ou produits. MiB est responsable du fichier pr\u00e9cit\u00e9 qui se trouve inscrit au Registre g\u00e9n\u00e9ral de protection des donn\u00e9es.<\/p>\n<p>Les propri\u00e9taires des donn\u00e9es ont, \u00e0 tout moment, le droit d\u2019acc\u00e9der \u00e0 leurs donn\u00e9es personnelles et peuvent exercer les droits de rectification, annulation et opposition dans les termes recueillis dans la Loi Organique 15\/99 du 13 d\u00e9cembre relative \u00e0 la protection des donn\u00e9es \u00e0 caract\u00e8re personnel et le R\u00e8glement qui la d\u00e9veloppe.<\/p>\n<p>MiB garantit qu\u2019il a adopt\u00e9 les mesures pertinentes de s\u00e9curit\u00e9 dans ses installations, syst\u00e8mes et fichiers. \u00c9galement, MiB garantit la confidentialit\u00e9 des donn\u00e9es personnelles. Vos donn\u00e9es ne seront pas c\u00e9d\u00e9es \u00e0 des tiers et ne seront pas utilis\u00e9es dans un but autre que celui \u00e9tabli dans la pr\u00e9sente notice, \u00e0 moins qu\u2019une loi \u00e9tablisse le contraire.<\/p>\n<p>L\u2019Utilisateur est responsable de la v\u00e9racit\u00e9 des donn\u00e9es personnelles qu\u2019il fournit \u00e0 MiB et de la communication de toute modification de celles-ci.<\/p>\n<h2>5. S\u00e9curit\u00e9<\/h2>\n<p>Le Site et ses microsites associ\u00e9s utilisent des techniques de s\u00e9curit\u00e9 de l\u2019information g\u00e9n\u00e9ralement accept\u00e9es dans l\u2019industrie telles que pare-feu, proc\u00e9dures de contr\u00f4le d\u2019acc\u00e8s et m\u00e9canismes cryptographiques, le tout afin d\u2019\u00e9viter l\u2019acc\u00e8s non autoris\u00e9 aux donn\u00e9es. Pour parvenir \u00e0 ces fins, l\u2019utilisateur accepte que le prestataire obtienne des donn\u00e9es aux effets de l\u2019authentification correspondante des contr\u00f4les d\u2019acc\u00e8s.<\/p>\n<p>Tout processus pouvant comporter la saisie de donn\u00e9es personnelles de haut niveau (sant\u00e9, etc.) sera toujours transmis au moyen d\u2019un protocole de communication s\u00e9curis\u00e9e (https:\/\/\u2026), de sorte qu\u2019aucun tiers ne puisse acc\u00e9der \u00e0 l\u2019information transmise par voie \u00e9lectronique.<\/p>\n<p><a href=\"https:\/\/letsencrypt.org\/\">Let&rsquo;s Encrypt\u00ae<\/a> certifie que les donn\u00e9es contenues ici ont \u00e9t\u00e9 cod\u00e9es ou crypt\u00e9es pour garantir la s\u00e9curit\u00e9 et l\u2019intimit\u00e9 de l\u2019internaute.<\/p>\n<h2>6.Loi applicable et comp\u00e9tence<\/h2>\n<p>Les pr\u00e9sentes conditions seront r\u00e9gies par la l\u00e9gislation espagnole, qui sera applicable pour tout ce qui n\u2019est pas \u00e9tabli dans ce Notice l\u00e9gale en mati\u00e8re d\u2019interpr\u00e9tation, validit\u00e9 et ex\u00e9cution.<\/p>\n<p>MiB et l\u2019Utilisateur, renon\u00e7ant express\u00e9ment \u00e0 toute autre juridiction, se soumettent aux Tribunaux de la ville Barcelone pour toute controverse ou question li\u00e9e \u00e0 l\u2019utilisation du pr\u00e9sent site Internet ou activit\u00e9s qui y sont d\u00e9velopp\u00e9es.<\/p>\n<p>[\/fusion_text][\/fusion_builder_column][\/fusion_builder_row][\/fusion_builder_container]<\/p>\n","protected":false},"excerpt":{"rendered":"<p>[fusion_builder_container hundred_percent=\u00a0\u00bbno\u00a0\u00bb hundred_percent_height=\u00a0\u00bbno\u00a0\u00bb hundred_percent_height_scroll=\u00a0\u00bbno\u00a0\u00bb hundred_percent_height_center_content=\u00a0\u00bbyes\u00a0\u00bb equal_height_columns=\u00a0\u00bbno\u00a0\u00bb menu_anchor=\u00a0\u00bb\u00a0\u00bb hide_on_mobile=\u00a0\u00bbsmall-visibility,medium-visibility,large-visibility\u00a0\u00bb class=\u00a0\u00bb\u00a0\u00bb id=\u00a0\u00bb\u00a0\u00bb background_color=\u00a0\u00bb\u00a0\u00bb background_image=\u00a0\u00bb\u00a0\u00bb background_position=\u00a0\u00bbcenter center\u00a0\u00bb background_repeat=\u00a0\u00bbno-repeat\u00a0\u00bb fade=\u00a0\u00bbno\u00a0\u00bb background_parallax=\u00a0\u00bbnone\u00a0\u00bb enable_mobile=\u00a0\u00bbno\u00a0\u00bb parallax_speed=\u00a0\u00bb0.3&Prime; video_mp4=\u00a0\u00bb\u00a0\u00bb video_webm=\u00a0\u00bb\u00a0\u00bb video_ogv=\u00a0\u00bb\u00a0\u00bb video_url=\u00a0\u00bb\u00a0\u00bb video_aspect_ratio=\u00a0\u00bb16:9&Prime; video_loop=\u00a0\u00bbyes\u00a0\u00bb video_mute=\u00a0\u00bbyes\u00a0\u00bb video_preview_image=\u00a0\u00bb\u00a0\u00bb border_size=\u00a0\u00bb\u00a0\u00bb border_color=\u00a0\u00bb\u00a0\u00bb border_style=\u00a0\u00bbsolid\u00a0\u00bb margin_top=\u00a0\u00bb\u00a0\u00bb margin_bottom=\u00a0\u00bb\u00a0\u00bb padding_top=\u00a0\u00bb\u00a0\u00bb padding_right=\u00a0\u00bb\u00a0\u00bb padding_bottom=\u00a0\u00bb\u00a0\u00bb padding_left=\u00a0\u00bb\u00a0\u00bb][fusion_builder_row][fusion_builder_column type=\u00a0\u00bb1_1&Prime; layout=\u00a0\u00bb1_1&Prime; spacing=\u00a0\u00bb\u00a0\u00bb center_content=\u00a0\u00bbno\u00a0\u00bb link=\u00a0\u00bb\u00a0\u00bb target=\u00a0\u00bb_self\u00a0\u00bb min_height=\u00a0\u00bb\u00a0\u00bb hide_on_mobile=\u00a0\u00bbsmall-visibility,medium-visibility,large-visibility\u00a0\u00bb class=\u00a0\u00bb\u00a0\u00bb id=\u00a0\u00bb\u00a0\u00bb background_color=\u00a0\u00bb\u00a0\u00bb background_image=\u00a0\u00bb\u00a0\u00bb background_position=\u00a0\u00bbleft top\u00a0\u00bb background_repeat=\u00a0\u00bbno-repeat\u00a0\u00bb hover_type=\u00a0\u00bbnone\u00a0\u00bb border_size=\u00a0\u00bb0&Prime; border_color=\u00a0\u00bb\u00a0\u00bb border_style=\u00a0\u00bbsolid\u00a0\u00bb [&hellip;]<\/p>\n","protected":false},"author":1,"featured_media":0,"parent":0,"menu_order":0,"comment_status":"closed","ping_status":"closed","template":"","meta":{"content-type":""},"yoast_head":"<!-- This site is optimized with the Yoast SEO plugin v20.7 - https:\/\/yoast.com\/wordpress\/plugins\/seo\/ -->\n<title>Avis legal - BABYPOD<\/title>\n<meta name=\"robots\" content=\"index, follow, max-snippet:-1, max-image-preview:large, max-video-preview:-1\" \/>\n<link rel=\"canonical\" href=\"https:\/\/babypod.net\/fr\/avis-legal\/\" \/>\n<meta property=\"og:locale\" content=\"fr_FR\" \/>\n<meta property=\"og:type\" content=\"article\" \/>\n<meta property=\"og:title\" content=\"Avis legal - BABYPOD\" \/>\n<meta property=\"og:description\" content=\"[fusion_builder_container hundred_percent=\u00a0\u00bbno\u00a0\u00bb hundred_percent_height=\u00a0\u00bbno\u00a0\u00bb hundred_percent_height_scroll=\u00a0\u00bbno\u00a0\u00bb hundred_percent_height_center_content=\u00a0\u00bbyes\u00a0\u00bb equal_height_columns=\u00a0\u00bbno\u00a0\u00bb menu_anchor=\u00a0\u00bb\u00a0\u00bb hide_on_mobile=\u00a0\u00bbsmall-visibility,medium-visibility,large-visibility\u00a0\u00bb class=\u00a0\u00bb\u00a0\u00bb id=\u00a0\u00bb\u00a0\u00bb background_color=\u00a0\u00bb\u00a0\u00bb background_image=\u00a0\u00bb\u00a0\u00bb background_position=\u00a0\u00bbcenter center\u00a0\u00bb background_repeat=\u00a0\u00bbno-repeat\u00a0\u00bb fade=\u00a0\u00bbno\u00a0\u00bb background_parallax=\u00a0\u00bbnone\u00a0\u00bb enable_mobile=\u00a0\u00bbno\u00a0\u00bb parallax_speed=\u00a0\u00bb0.3&Prime; video_mp4=\u00a0\u00bb\u00a0\u00bb video_webm=\u00a0\u00bb\u00a0\u00bb video_ogv=\u00a0\u00bb\u00a0\u00bb video_url=\u00a0\u00bb\u00a0\u00bb video_aspect_ratio=\u00a0\u00bb16:9&Prime; video_loop=\u00a0\u00bbyes\u00a0\u00bb video_mute=\u00a0\u00bbyes\u00a0\u00bb video_preview_image=\u00a0\u00bb\u00a0\u00bb border_size=\u00a0\u00bb\u00a0\u00bb border_color=\u00a0\u00bb\u00a0\u00bb border_style=\u00a0\u00bbsolid\u00a0\u00bb margin_top=\u00a0\u00bb\u00a0\u00bb margin_bottom=\u00a0\u00bb\u00a0\u00bb padding_top=\u00a0\u00bb\u00a0\u00bb padding_right=\u00a0\u00bb\u00a0\u00bb padding_bottom=\u00a0\u00bb\u00a0\u00bb padding_left=\u00a0\u00bb\u00a0\u00bb][fusion_builder_row][fusion_builder_column type=\u00a0\u00bb1_1&Prime; layout=\u00a0\u00bb1_1&Prime; spacing=\u00a0\u00bb\u00a0\u00bb center_content=\u00a0\u00bbno\u00a0\u00bb link=\u00a0\u00bb\u00a0\u00bb target=\u00a0\u00bb_self\u00a0\u00bb min_height=\u00a0\u00bb\u00a0\u00bb hide_on_mobile=\u00a0\u00bbsmall-visibility,medium-visibility,large-visibility\u00a0\u00bb class=\u00a0\u00bb\u00a0\u00bb id=\u00a0\u00bb\u00a0\u00bb background_color=\u00a0\u00bb\u00a0\u00bb background_image=\u00a0\u00bb\u00a0\u00bb background_position=\u00a0\u00bbleft top\u00a0\u00bb background_repeat=\u00a0\u00bbno-repeat\u00a0\u00bb hover_type=\u00a0\u00bbnone\u00a0\u00bb border_size=\u00a0\u00bb0&Prime; border_color=\u00a0\u00bb\u00a0\u00bb border_style=\u00a0\u00bbsolid\u00a0\u00bb [&hellip;]\" \/>\n<meta property=\"og:url\" content=\"https:\/\/babypod.net\/fr\/avis-legal\/\" \/>\n<meta property=\"og:site_name\" content=\"BABYPOD\" \/>\n<meta property=\"article:modified_time\" content=\"2019-08-07T15:52:27+00:00\" \/>\n<meta name=\"twitter:card\" content=\"summary_large_image\" \/>\n<meta name=\"twitter:label1\" content=\"Dur\u00e9e de lecture estim\u00e9e\" \/>\n\t<meta name=\"twitter:data1\" content=\"8 minutes\" \/>\n<script type=\"application\/ld+json\" class=\"yoast-schema-graph\">{\"@context\":\"https:\/\/schema.org\",\"@graph\":[{\"@type\":\"WebPage\",\"@id\":\"https:\/\/babypod.net\/fr\/avis-legal\/\",\"url\":\"https:\/\/babypod.net\/fr\/avis-legal\/\",\"name\":\"Avis legal - BABYPOD\",\"isPartOf\":{\"@id\":\"https:\/\/babypod.net\/fr\/#website\"},\"datePublished\":\"2018-10-23T08:15:47+00:00\",\"dateModified\":\"2019-08-07T15:52:27+00:00\",\"breadcrumb\":{\"@id\":\"https:\/\/babypod.net\/fr\/avis-legal\/#breadcrumb\"},\"inLanguage\":\"fr-FR\",\"potentialAction\":[{\"@type\":\"ReadAction\",\"target\":[\"https:\/\/babypod.net\/fr\/avis-legal\/\"]}]},{\"@type\":\"BreadcrumbList\",\"@id\":\"https:\/\/babypod.net\/fr\/avis-legal\/#breadcrumb\",\"itemListElement\":[{\"@type\":\"ListItem\",\"position\":1,\"name\":\"Portada\",\"item\":\"https:\/\/babypod.net\/fr\/accueil\/\"},{\"@type\":\"ListItem\",\"position\":2,\"name\":\"Avis legal\"}]},{\"@type\":\"WebSite\",\"@id\":\"https:\/\/babypod.net\/fr\/#website\",\"url\":\"https:\/\/babypod.net\/fr\/\",\"name\":\"BABYPOD\",\"description\":\"Music is life\",\"potentialAction\":[{\"@type\":\"SearchAction\",\"target\":{\"@type\":\"EntryPoint\",\"urlTemplate\":\"https:\/\/babypod.net\/fr\/?s={search_term_string}\"},\"query-input\":\"required name=search_term_string\"}],\"inLanguage\":\"fr-FR\"}]}<\/script>\n<!-- \/ Yoast SEO plugin. -->","yoast_head_json":{"title":"Avis legal - BABYPOD","robots":{"index":"index","follow":"follow","max-snippet":"max-snippet:-1","max-image-preview":"max-image-preview:large","max-video-preview":"max-video-preview:-1"},"canonical":"https:\/\/babypod.net\/fr\/avis-legal\/","og_locale":"fr_FR","og_type":"article","og_title":"Avis legal - BABYPOD","og_description":"[fusion_builder_container hundred_percent=\u00a0\u00bbno\u00a0\u00bb hundred_percent_height=\u00a0\u00bbno\u00a0\u00bb hundred_percent_height_scroll=\u00a0\u00bbno\u00a0\u00bb hundred_percent_height_center_content=\u00a0\u00bbyes\u00a0\u00bb equal_height_columns=\u00a0\u00bbno\u00a0\u00bb menu_anchor=\u00a0\u00bb\u00a0\u00bb hide_on_mobile=\u00a0\u00bbsmall-visibility,medium-visibility,large-visibility\u00a0\u00bb class=\u00a0\u00bb\u00a0\u00bb id=\u00a0\u00bb\u00a0\u00bb background_color=\u00a0\u00bb\u00a0\u00bb background_image=\u00a0\u00bb\u00a0\u00bb background_position=\u00a0\u00bbcenter center\u00a0\u00bb background_repeat=\u00a0\u00bbno-repeat\u00a0\u00bb fade=\u00a0\u00bbno\u00a0\u00bb background_parallax=\u00a0\u00bbnone\u00a0\u00bb enable_mobile=\u00a0\u00bbno\u00a0\u00bb parallax_speed=\u00a0\u00bb0.3&Prime; video_mp4=\u00a0\u00bb\u00a0\u00bb video_webm=\u00a0\u00bb\u00a0\u00bb video_ogv=\u00a0\u00bb\u00a0\u00bb video_url=\u00a0\u00bb\u00a0\u00bb video_aspect_ratio=\u00a0\u00bb16:9&Prime; video_loop=\u00a0\u00bbyes\u00a0\u00bb video_mute=\u00a0\u00bbyes\u00a0\u00bb video_preview_image=\u00a0\u00bb\u00a0\u00bb border_size=\u00a0\u00bb\u00a0\u00bb border_color=\u00a0\u00bb\u00a0\u00bb border_style=\u00a0\u00bbsolid\u00a0\u00bb margin_top=\u00a0\u00bb\u00a0\u00bb margin_bottom=\u00a0\u00bb\u00a0\u00bb padding_top=\u00a0\u00bb\u00a0\u00bb padding_right=\u00a0\u00bb\u00a0\u00bb padding_bottom=\u00a0\u00bb\u00a0\u00bb padding_left=\u00a0\u00bb\u00a0\u00bb][fusion_builder_row][fusion_builder_column type=\u00a0\u00bb1_1&Prime; layout=\u00a0\u00bb1_1&Prime; spacing=\u00a0\u00bb\u00a0\u00bb center_content=\u00a0\u00bbno\u00a0\u00bb link=\u00a0\u00bb\u00a0\u00bb target=\u00a0\u00bb_self\u00a0\u00bb min_height=\u00a0\u00bb\u00a0\u00bb hide_on_mobile=\u00a0\u00bbsmall-visibility,medium-visibility,large-visibility\u00a0\u00bb class=\u00a0\u00bb\u00a0\u00bb id=\u00a0\u00bb\u00a0\u00bb background_color=\u00a0\u00bb\u00a0\u00bb background_image=\u00a0\u00bb\u00a0\u00bb background_position=\u00a0\u00bbleft top\u00a0\u00bb background_repeat=\u00a0\u00bbno-repeat\u00a0\u00bb hover_type=\u00a0\u00bbnone\u00a0\u00bb border_size=\u00a0\u00bb0&Prime; border_color=\u00a0\u00bb\u00a0\u00bb border_style=\u00a0\u00bbsolid\u00a0\u00bb [&hellip;]","og_url":"https:\/\/babypod.net\/fr\/avis-legal\/","og_site_name":"BABYPOD","article_modified_time":"2019-08-07T15:52:27+00:00","twitter_card":"summary_large_image","twitter_misc":{"Dur\u00e9e de lecture estim\u00e9e":"8 minutes"},"schema":{"@context":"https:\/\/schema.org","@graph":[{"@type":"WebPage","@id":"https:\/\/babypod.net\/fr\/avis-legal\/","url":"https:\/\/babypod.net\/fr\/avis-legal\/","name":"Avis legal - BABYPOD","isPartOf":{"@id":"https:\/\/babypod.net\/fr\/#website"},"datePublished":"2018-10-23T08:15:47+00:00","dateModified":"2019-08-07T15:52:27+00:00","breadcrumb":{"@id":"https:\/\/babypod.net\/fr\/avis-legal\/#breadcrumb"},"inLanguage":"fr-FR","potentialAction":[{"@type":"ReadAction","target":["https:\/\/babypod.net\/fr\/avis-legal\/"]}]},{"@type":"BreadcrumbList","@id":"https:\/\/babypod.net\/fr\/avis-legal\/#breadcrumb","itemListElement":[{"@type":"ListItem","position":1,"name":"Portada","item":"https:\/\/babypod.net\/fr\/accueil\/"},{"@type":"ListItem","position":2,"name":"Avis legal"}]},{"@type":"WebSite","@id":"https:\/\/babypod.net\/fr\/#website","url":"https:\/\/babypod.net\/fr\/","name":"BABYPOD","description":"Music is life","potentialAction":[{"@type":"SearchAction","target":{"@type":"EntryPoint","urlTemplate":"https:\/\/babypod.net\/fr\/?s={search_term_string}"},"query-input":"required name=search_term_string"}],"inLanguage":"fr-FR"}]}},"_links":{"self":[{"href":"https:\/\/babypod.net\/fr\/wp-json\/wp\/v2\/pages\/736"}],"collection":[{"href":"https:\/\/babypod.net\/fr\/wp-json\/wp\/v2\/pages"}],"about":[{"href":"https:\/\/babypod.net\/fr\/wp-json\/wp\/v2\/types\/page"}],"author":[{"embeddable":true,"href":"https:\/\/babypod.net\/fr\/wp-json\/wp\/v2\/users\/1"}],"replies":[{"embeddable":true,"href":"https:\/\/babypod.net\/fr\/wp-json\/wp\/v2\/comments?post=736"}],"version-history":[{"count":5,"href":"https:\/\/babypod.net\/fr\/wp-json\/wp\/v2\/pages\/736\/revisions"}],"predecessor-version":[{"id":4451,"href":"https:\/\/babypod.net\/fr\/wp-json\/wp\/v2\/pages\/736\/revisions\/4451"}],"wp:attachment":[{"href":"https:\/\/babypod.net\/fr\/wp-json\/wp\/v2\/media?parent=736"}],"curies":[{"name":"wp","href":"https:\/\/api.w.org\/{rel}","templated":true}]}}